{"id":987514354,"date":"2023-04-24T07:07:35","date_gmt":"2023-04-24T07:07:35","guid":{"rendered":"https:\/\/storymatters.online\/fallstudien\/"},"modified":"2026-01-09T16:29:19","modified_gmt":"2026-01-09T16:29:19","slug":"fallstudien","status":"publish","type":"page","link":"https:\/\/storymatters.online\/de\/fallstudien\/","title":{"rendered":"Fallstudien"},"content":{"rendered":"<p>[et_pb_section fb_built=&#8220;1&#8243; _builder_version=&#8220;4.21.0&#8243; _module_preset=&#8220;default&#8220; background_image=&#8220;https:\/\/storymatters.online\/wp-content\/uploads\/2023\/04\/case-studies-background1.jpg&#8220; background_position=&#8220;bottom_left&#8220; background_pattern_repeat=&#8220;repeat-x&#8220; custom_margin=&#8220;-114px||||false|false&#8220; custom_margin_tablet=&#8220;0px||||false|false&#8220; custom_margin_phone=&#8220;0px||||false|false&#8220; custom_margin_last_edited=&#8220;on|tablet&#8220; custom_padding=&#8220;80px||0px||false|false&#8220; background_last_edited=&#8220;on|phone&#8220; background_horizontal_offset_tablet=&#8220;42%&#8220; background_horizontal_offset_phone=&#8220;51%&#8220; global_colors_info=&#8220;{}&#8220;][et_pb_row custom_padding_last_edited=&#8220;on|phone&#8220; _builder_version=&#8220;4.21.0&#8243; _module_preset=&#8220;default&#8220; width=&#8220;100%&#8220; max_width=&#8220;2560px&#8220; custom_padding=&#8220;|50px|180px|50px|false|true&#8220; custom_padding_tablet=&#8220;|40px|180px|40px|false|true&#8220; custom_padding_phone=&#8220;|5vw|0px|5vw|false|true&#8220; global_colors_info=&#8220;{}&#8220;][et_pb_column type=&#8220;4_4&#8243; _builder_version=&#8220;4.21.0&#8243; _module_preset=&#8220;default&#8220; global_colors_info=&#8220;{}&#8220;][et_pb_text _builder_version=&#8220;4.21.0&#8243; _module_preset=&#8220;default&#8220; header_font=&#8220;Manrope|700|||||||&#8220; header_text_color=&#8220;#000000&#8243; header_font_size=&#8220;80px&#8220; custom_margin=&#8220;8vw||||false|false&#8220; custom_margin_tablet=&#8220;8vw||||false|false&#8220; custom_margin_phone=&#8220;||30vw||false|false&#8220; custom_margin_last_edited=&#8220;on|phone&#8220; header_font_size_tablet=&#8220;80px&#8220; header_font_size_phone=&#8220;11vw&#8220; header_font_size_last_edited=&#8220;on|phone&#8220; global_colors_info=&#8220;{}&#8220;]<\/p>\n<h1>Fallstudien<\/h1>\n<p>[\/et_pb_text][et_pb_text _builder_version=&#8220;4.21.0&#8243; _module_preset=&#8220;default&#8220; text_font=&#8220;Manrope||||||||&#8220; text_text_color=&#8220;#000000&#8243; transform_scale_tablet=&#8220;&#8220; transform_scale_phone=&#8220;&#8220; transform_scale_last_edited=&#8220;on|phone&#8220; transform_translate=&#8220;-10.7vw|17vw&#8220; transform_translate_tablet=&#8220;-119px|226px&#8220; transform_translate_phone=&#8220;-37vw|37vw&#8220; transform_translate_last_edited=&#8220;on|phone&#8220; transform_translate_linked=&#8220;off&#8220; transform_rotate=&#8220;0deg|0deg|90deg&#8220; transform_rotate_tablet=&#8220;0deg|0deg|90deg&#8220; transform_rotate_phone=&#8220;0deg|0deg|90deg&#8220; transform_rotate_last_edited=&#8220;on|phone&#8220; transform_skew_tablet=&#8220;&#8220; transform_skew_phone=&#8220;&#8220; transform_skew_last_edited=&#8220;on|phone&#8220; transform_origin_tablet=&#8220;&#8220; transform_origin_phone=&#8220;&#8220; transform_origin_last_edited=&#8220;on|phone&#8220; transform_styles_last_edited=&#8220;on|phone&#8220; z_index=&#8220;-128&#8243; width=&#8220;25%&#8220; width_tablet=&#8220;40%&#8220; width_phone=&#8220;90%&#8220; width_last_edited=&#8220;on|phone&#8220; max_width=&#8220;25%&#8220; max_width_tablet=&#8220;83%&#8220; max_width_phone=&#8220;90%&#8220; max_width_last_edited=&#8220;on|phone&#8220; transform_styles_tablet=&#8220;&#8220; transform_styles_phone=&#8220;&#8220; border_width_bottom=&#8220;2px&#8220; global_colors_info=&#8220;{}&#8220;]<\/p>\n<p>Bl\u00e4ttern Sie<\/p>\n<p>[\/et_pb_text][et_pb_text _builder_version=&#8220;4.23.4&#8243; _module_preset=&#8220;default&#8220; header_2_font=&#8220;Manrope|600|||||||&#8220; header_2_text_color=&#8220;#000000&#8243; header_2_font_size=&#8220;29px&#8220; header_2_line_height=&#8220;1.3em&#8220; custom_margin=&#8220;20vw||||false|false&#8220; custom_padding=&#8220;|45vw||30px|false|false&#8220; custom_padding_tablet=&#8220;|5vw|||false|false&#8220; custom_padding_phone=&#8220;|5vw|||false|false&#8220; custom_padding_last_edited=&#8220;on|phone&#8220; hover_enabled=&#8220;0&#8243; header_2_font_size_tablet=&#8220;29px&#8220; header_2_font_size_phone=&#8220;5vw&#8220; header_2_font_size_last_edited=&#8220;on|phone&#8220; global_colors_info=&#8220;{}&#8220; sticky_enabled=&#8220;0&#8243;]<\/p>\n<h2>Unser Abschnitt \u00fcber Fallstudien ist ein starker Beweis f\u00fcr den Erfolg unserer Arbeit. Hier finden Sie eine Auswahl von F\u00e4llen, die den positiven Einfluss unserer L\u00f6sungen und Dienstleistungen auf unsere Kunden dokumentieren. <\/h2>\n<p>[\/et_pb_text][\/et_pb_column][\/et_pb_row][\/et_pb_section][et_pb_section fb_built=&#8220;1&#8243; _builder_version=&#8220;4.21.0&#8243; _module_preset=&#8220;default&#8220; background_color=&#8220;#f6f6f6&#8243; z_index=&#8220;404&#8243; custom_padding=&#8220;0px||0px|||&#8220; global_colors_info=&#8220;{}&#8220;][et_pb_row column_structure=&#8220;1_2,1_2&#8243; custom_padding_last_edited=&#8220;on|tablet&#8220; _builder_version=&#8220;4.21.0&#8243; _module_preset=&#8220;default&#8220; width=&#8220;100%&#8220; max_width=&#8220;2560px&#8220; custom_padding=&#8220;0px|50px||50px|false|true&#8220; custom_padding_tablet=&#8220;|40px|0px|40px|false|true&#8220; custom_padding_phone=&#8220;180px|5vw|0px|5vw|false|true&#8220; global_colors_info=&#8220;{}&#8220;][et_pb_column type=&#8220;1_2&#8243; _builder_version=&#8220;4.21.0&#8243; _module_preset=&#8220;default&#8220; link_option_url=&#8220;https:\/\/www.linkedin.com\/smart-links\/AQHmOjRo8JxwLw\/683e75e5-fa43-487b-97e2-04977a32372a&#8220; global_colors_info=&#8220;{}&#8220;][et_pb_image src=&#8220;https:\/\/storymatters.online\/wp-content\/uploads\/2023\/07\/HLF.jpg&#8220; title_text=&#8220;HLF&#8220; _builder_version=&#8220;4.21.0&#8243; _module_preset=&#8220;default&#8220; global_colors_info=&#8220;{}&#8220;][\/et_pb_image][\/et_pb_column][et_pb_column type=&#8220;1_2&#8243; _builder_version=&#8220;4.21.0&#8243; _module_preset=&#8220;default&#8220; link_option_url=&#8220;https:\/\/www.linkedin.com\/smart-links\/AQFFnDQndLnEKQ\/34e0040e-6b0d-41d7-bb90-68e2def0dcdd&#8220; global_colors_info=&#8220;{}&#8220;][et_pb_image src=&#8220;https:\/\/storymatters.online\/wp-content\/uploads\/2023\/07\/axima.jpg&#8220; title_text=&#8220;axima&#8220; _builder_version=&#8220;4.21.0&#8243; _module_preset=&#8220;default&#8220; global_colors_info=&#8220;{}&#8220;][\/et_pb_image][\/et_pb_column][\/et_pb_row][et_pb_row column_structure=&#8220;1_2,1_2&#8243; custom_padding_last_edited=&#8220;on|phone&#8220; _builder_version=&#8220;4.21.0&#8243; _module_preset=&#8220;default&#8220; width=&#8220;100%&#8220; max_width=&#8220;2560px&#8220; custom_padding=&#8220;|50px|26px|50px|false|true&#8220; custom_padding_tablet=&#8220;|40px||40px|false|true&#8220; custom_padding_phone=&#8220;|5vw||5vw|false|true&#8220; global_colors_info=&#8220;{}&#8220;][et_pb_column type=&#8220;1_2&#8243; _builder_version=&#8220;4.21.0&#8243; _module_preset=&#8220;default&#8220; link_option_url=&#8220;https:\/\/www.linkedin.com\/smart-links\/AQGjeJJZZ1kF9Q\/c3396d09-270f-4f78-bd27-9d1402811748&#8243; global_colors_info=&#8220;{}&#8220;][et_pb_image src=&#8220;https:\/\/storymatters.online\/wp-content\/uploads\/2023\/07\/VERONIKA-CAPKOVA.jpg&#8220; title_text=&#8220;VERONIKA \u010cAPKOV\u00c1&#8220; _builder_version=&#8220;4.21.0&#8243; _module_preset=&#8220;default&#8220; global_colors_info=&#8220;{}&#8220;][\/et_pb_image][\/et_pb_column][et_pb_column type=&#8220;1_2&#8243; _builder_version=&#8220;4.21.0&#8243; _module_preset=&#8220;default&#8220; link_option_url=&#8220;https:\/\/www.linkedin.com\/smart-links\/AQHg02AXme75Yg\/581233f4-637e-43be-9f59-88782f4585c3&#8243; global_colors_info=&#8220;{}&#8220;][et_pb_image src=&#8220;https:\/\/storymatters.online\/wp-content\/uploads\/2023\/07\/tatra-metalurgie.jpg&#8220; title_text=&#8220;tatra metallurgie&#8220; _builder_version=&#8220;4.21.0&#8243; _module_preset=&#8220;default&#8220; global_colors_info=&#8220;{}&#8220;][\/et_pb_image][\/et_pb_column][\/et_pb_row][et_pb_row column_structure=&#8220;1_2,1_2&#8243; custom_padding_last_edited=&#8220;on|phone&#8220; _builder_version=&#8220;4.23.4&#8243; _module_preset=&#8220;default&#8220; width=&#8220;100%&#8220; max_width=&#8220;2560px&#8220; custom_padding=&#8220;|50px|90px|50px|false|true&#8220; custom_padding_tablet=&#8220;|40px||40px|false|true&#8220; custom_padding_phone=&#8220;0px|5vw||5vw|false|true&#8220; global_colors_info=&#8220;{}&#8220;][et_pb_column type=&#8220;1_2&#8243; _builder_version=&#8220;4.21.0&#8243; _module_preset=&#8220;default&#8220; link_option_url=&#8220;https:\/\/www.linkedin.com\/smart-links\/AQGETDF7GevDgQ\/1dbe9051-c3a4-4fc9-89dc-f8113b58f459&#8243; global_colors_info=&#8220;{}&#8220;][et_pb_image src=&#8220;https:\/\/storymatters.online\/wp-content\/uploads\/2023\/07\/phoenix-contact.jpg&#8220; title_text=&#8220;phoenix kontakt&#8220; _builder_version=&#8220;4.21.0&#8243; _module_preset=&#8220;default&#8220; global_colors_info=&#8220;{}&#8220;][\/et_pb_image][\/et_pb_column][et_pb_column type=&#8220;1_2&#8243; _builder_version=&#8220;4.21.0&#8243; _module_preset=&#8220;default&#8220; link_option_url=&#8220;https:\/\/www.linkedin.com\/smart-links\/AQEHV3BXSu3N2A\/5bcc2d54-3eb4-4052-8302-d611ff440f26&#8243; global_colors_info=&#8220;{}&#8220;][et_pb_image src=&#8220;https:\/\/storymatters.online\/wp-content\/uploads\/2023\/07\/alena-mrakova.jpg&#8220; title_text=&#8220;alena mrakova&#8220; _builder_version=&#8220;4.21.0&#8243; _module_preset=&#8220;default&#8220; global_colors_info=&#8220;{}&#8220;][\/et_pb_image][\/et_pb_column][\/et_pb_row][\/et_pb_section]<\/p>\n","protected":false},"excerpt":{"rendered":"<p>FallstudienBl\u00e4ttern SieUnser Abschnitt \u00fcber Fallstudien ist ein starker Beweis f\u00fcr den Erfolg unserer Arbeit. Hier finden Sie eine Auswahl von F\u00e4llen, die den positiven Einfluss unserer L\u00f6sungen und Dienstleistungen auf unsere Kunden dokumentieren.<\/p>\n","protected":false},"author":15,"featured_media":0,"parent":0,"menu_order":0,"comment_status":"closed","ping_status":"closed","template":"","meta":{"_et_pb_use_builder":"on","_et_pb_old_content":"","_et_gb_content_width":"","footnotes":""},"class_list":["post-987514354","page","type-page","status-publish","hentry"],"_links":{"self":[{"href":"https:\/\/storymatters.online\/de\/wp-json\/wp\/v2\/pages\/987514354","targetHints":{"allow":["GET"]}}],"collection":[{"href":"https:\/\/storymatters.online\/de\/wp-json\/wp\/v2\/pages"}],"about":[{"href":"https:\/\/storymatters.online\/de\/wp-json\/wp\/v2\/types\/page"}],"author":[{"embeddable":true,"href":"https:\/\/storymatters.online\/de\/wp-json\/wp\/v2\/users\/15"}],"replies":[{"embeddable":true,"href":"https:\/\/storymatters.online\/de\/wp-json\/wp\/v2\/comments?post=987514354"}],"version-history":[{"count":2,"href":"https:\/\/storymatters.online\/de\/wp-json\/wp\/v2\/pages\/987514354\/revisions"}],"predecessor-version":[{"id":987514356,"href":"https:\/\/storymatters.online\/de\/wp-json\/wp\/v2\/pages\/987514354\/revisions\/987514356"}],"wp:attachment":[{"href":"https:\/\/storymatters.online\/de\/wp-json\/wp\/v2\/media?parent=987514354"}],"curies":[{"name":"wp","href":"https:\/\/api.w.org\/{rel}","templated":true}]}}